{"id":1119,"date":"2022-12-31T20:07:08","date_gmt":"2022-12-31T20:07:08","guid":{"rendered":"https:\/\/www.gospa-sinjska.hr\/wp\/?page_id=1119"},"modified":"2022-12-31T20:07:08","modified_gmt":"2022-12-31T20:07:08","slug":"sakrament-krstenja","status":"publish","type":"page","link":"https:\/\/www.gospa-sinjska.hr\/wp\/sakramenti\/sakrament-krstenja\/","title":{"rendered":"Sakrament kr\u0161tenja"},"content":{"rendered":"\n<figure class=\"wp-block-image size-full\"><img fetchpriority=\"high\" decoding=\"async\" width=\"600\" height=\"300\" src=\"https:\/\/www.gospa-sinjska.hr\/wp\/wp-content\/uploads\/2022\/12\/sakrament_krstenja.jpg\" alt=\"\" class=\"wp-image-1120\" srcset=\"https:\/\/www.gospa-sinjska.hr\/wp\/wp-content\/uploads\/2022\/12\/sakrament_krstenja.jpg 600w, https:\/\/www.gospa-sinjska.hr\/wp\/wp-content\/uploads\/2022\/12\/sakrament_krstenja-300x150.jpg 300w\" sizes=\"(max-width: 600px) 100vw, 600px\" \/><\/figure>\n\n\n\n<p>Oni koji se krste ura\u0161taju u sli\u010dnost smrti Kristove, ukopavaju se zajedno s njime u smrt, s njime zajedno, u njemu, o\u017eivljuju i uskrsavaju. U kr\u0161tenju se polijevanjem vodom u ime Presvetoga Trojstva duhovno prepora\u0111a stvorenje i postaje \u010dlanom misti\u010dnoga Kristova Tijela osloba\u0111aju\u0107i se isto\u010dnoga grijeha, a i svih drugih grijeha.<\/p>\n\n\n\n<p>To je prvi i temeljni sakrament kr\u0161\u0107anskoga \u017eivota. Kr\u0161tenje je nu\u017eno za spasenje onima kojima je navje\u0161teno evan\u0111elje i koji imaju mogu\u0107nost tra\u017eiti sakrament kr\u0161tenja. Prema starodrevnom crkvenom obi\u010daju, odrasla osoba ne mo\u017ee na kr\u0161tenje bez kuma. I kod kr\u0161tenja djeteta neka bude&nbsp;<strong>kum<\/strong>, koji \u0107e predstavljati i samu kr\u0161tenikovu obitelj, koja se duhovno pove\u0107ava, i ulogu majke Crkve (svako dijete mo\u017ee imati kuma i kumu). Uloga kuma je na kr\u0161tenju zastupati dijete, koje jo\u0161 ne zna \u0161to se s njim zbiva; on je povjerenik Crkve i roditelja koji mu povjeravaju dijete; jam\u010di za budu\u0107i katoli\u010dki odgoj djeteta i ulazi u duhovno srodstvo s djetetom te biva svjedok kr\u0161tenja. Kum je du\u017ean upoznavati svoje kum\u010de, ostati s njim u trajnoj \u017eivotnoj povezanosti, moliti za njega, brinuti se za njegovo duhovno dobro, poticati i odgajati ga na kr\u0161\u0107anski \u017eivot i svojim \u017eivotom mu davati primjer. Osobi, koja pripada nekatoli\u010dkoj crkvenoj zajednici dopu\u0161ta se biti svjedok kr\u0161tenja i to zajedno s katoli\u010dkim kumom. Kum \u0161to ga izabire katekumen ili obitelj treba imati ove vlastitosti:<\/p>\n\n\n\n<p>\u2022 da je dovoljno zreo za vr\u0161enje te du\u017enosti (stariji od 16 god.);<br>\u2022 da je primio tri sakramenta: krst, potvrdu i euharistiju te da \u017eivi u skladu s vjerom;<br>\u2022 da pripada katoli\u010dkoj Crkvi i da nije pravno sprije\u010den za obavljanje te slu\u017ebe;<br>\u2022 da nije zanijekao vjeru i da nije otac ili majka kr\u0161tenika.<\/p>\n\n\n\n<p>U tom surje\u010dju, primjera radi, kumovi ne mogu biti rastavljeni i ponovno vjen\u010dani ili osobe koje \u017eive u sli\u010dnom nedopu\u0161tenom braku, osobe koje \u017eive sabla\u017enjivim \u017eivotom ili oni koji se protive katoli\u010dkom nauku.<\/p>\n\n\n\n<blockquote class=\"wp-block-quote is-layout-flow wp-block-quote-is-layout-flow\">\n<p>Kr\u0161tenje djeteta prijavljuje se osobno u \u017eupnom uredu barem tjedan dana prije. To \u0107e u\u010diniti isklju\u010divo sami roditelji djeteta. Sve\u0107enici \u0107e izvr\u0161iti dostatnu pripravu roditelja i kumova djeteta. Na kr\u0161tenje se donosi krsna haljina i krsna svije\u0107a. Kod slavlja kr\u0161tenja slobodni ste doprinijeti za crkvene potrebe. &nbsp;<\/p>\n<\/blockquote>\n\n\n\n<p><strong>Redoviti su krstitelji<\/strong>: biskupi, prezbiteri i \u0111akoni. Kad nema sve\u0107enika ni \u0111akona a prijeti pogibao, posebno pak na smrtnom \u010dasu, krstiti mo\u017ee, katkada \u0161tovi\u0161e i mora, svaki vjernik, a i bilo koji \u010dovjek, samo ako ima pravu nakanu. Svi laici, kao \u010dlanovi sve\u0107eni\u010dkog naroda, a osobito roditelji i, po du\u017enosti, katehisti, primalje, ku\u0107ne pomo\u0107nice, socijalne radnice, bolni\u010darke te lije\u010dnici i kirurzi, neka uznastoje prema svojim mogu\u0107nostima to\u010dno nau\u010diti kako se ispravno krsti u slu\u010daju potrebe.<\/p>\n\n\n\n<p>U latinskoj se Crkvi kr\u0161tenje podjeljuje ovim rije\u010dima: \u201e<em>N., ja te krstim u ime Oca i Sina i Duha Svetoga.<\/em>\u201c (N\u2026 ego te baptizo in nomine Patris et Filii et Spiritus Sancti.) Neka se kr\u0161tenje redovito slavi u \u017eupskoj crkvi. Kr\u0161tenje se mo\u017ee slaviti svakim danom, a preporu\u010da se da se slavi u redovitim okolnostima nedjeljom pod misom. Djeca se kr\u0161tavaju u \u017eupi roditelja, osim ako okolnosti druk\u010dije nala\u017eu. Svakom kr\u0161tenju, kada se radi o djeci, nu\u017eno prethodi priprema roditelja i kumova, a kada se radi o odraslima, onda oni pristupaju redu katekumenata, tj. treba se pridr\u017eavati odredaba Reda pristupa odraslih u kr\u0161\u0107anstvo.<\/p>\n\n\n\n<p>\u017dupnici su du\u017eni bri\u017eljivo i bez odlaganja upisati u Maticu kr\u0161tenih imena kr\u0161tenika, krstitelja, roditelja i kumova, te mjesto i dan kr\u0161tenja.<\/p>\n\n\n\n<p><strong>Red kr\u0161tenja kojega se dr\u017ei redoviti krstitelj<\/strong><\/p>\n\n\n\n<p>Obred zapo\u010dinje primanjem djece, kojim se izra\u017eava volja roditelja i kumova te nakana Crkve da se sakramenat krsta proslavi.<\/p>\n\n\n\n<p>Slu\u017eba rije\u010di sastoji se od \u010ditanja jednoga ili vi\u0161e odlomaka Svetoga pisma; od homilije, s dodatkom \u010dasa \u0161utnje; od vjerni\u010dke molitve.<\/p>\n\n\n\n<p>S\u00e2m sakrament kr\u0161tenja<\/p>\n\n\n\n<p>1) neposredno se pripravlja:<br>a) sve\u010danom molitvom kojom krstitelj blagoslivlja krsnu vodu ili spominje da je ve\u0107 blagoslovljena;<br>b) odricanjem od sotone i ispovijedanjem vjere roditelja i kumova.<\/p>\n\n\n\n<p>2) vr\u0161i se pranjem vodom koje se mo\u017ee obaviti uranjanjem ili polijevanjem, te zazivanjem presvetog Trojstva.<\/p>\n\n\n\n<p>3) zavr\u0161ava se u prvom redu mazanjem krizmom te se zaklju\u010duje obredima bijele haljine, zapaljene svije\u0107e i \u201eEfeta\u201c.<\/p>\n\n\n\n<p>Pred oltarom se moli Gospodnja molitva. Kona\u010dno, daje se blagoslov majkama, o\u010devima i svima prisutnima.<\/p>\n\n\n\n<p><strong>Kr\u0161tenje odraslih \u2013 katekumenat<\/strong><\/p>\n\n\n\n<p>Kada odrasla osoba svjesno, svojevoljno, dobro pripremljena, kroz dugotrajni katekumenat, iskreno se kaju\u0107i za svoje grijehe, odlu\u010di i \u017eeli se krstiti, mora joj se izi\u0107i ususret. Predvi\u0111eno je da vrijeme cjelokupne priprave kandidata za kr\u0161\u0107anstvo traje barem godinu dana, tj. od svetkovine Duhova do druge. To uklju\u010duje:<\/p>\n\n\n\n<p>\u2022 pretkatekumenat, od Duhova do po\u010detka listopada;<br>\u2022 katekumenat, od listopada do prve korizmene nedjelje;<br>\u2022 vrijeme izbora ili neposredne priprave kroz korizmu, \u0161to se jo\u0161 naziva vrijeme \u010di\u0161\u0107enja i prosvjetljivanja;<br>\u2022 slavlje sakramenta kr\u0161\u0107anske inicijacije u Vazmenoj no\u0107i;<br>\u2022 vrijeme posebnog vodstva novokr\u0161tenika ili vrijeme mistagogije, od Uskrsa do Duhova.<\/p>\n\n\n\n<p>Kr\u0161\u0107anska zajednica treba katekumenima pru\u017eati pomo\u0107 ljubavlju i molitvom. U svakoj biskupiji, makar na zajedni\u010dkoj razini, trebalo bi uspostaviti katekumenat.<\/p>\n\n\n\n<p><small>Sastavljeno prema: Sv. Kongregacija za bogo\u0161tovlje,&nbsp;<em>Rimski obrednik. Red kr\u0161tenja<\/em>, Kr\u0161\u0107anska sada\u0161njost, Zagreb, 1993.; don A. \u010condi\u0107,&nbsp;<em>Pastoral sakramenata<\/em>&nbsp;(skripta).<\/small>&#8212;&#8212;&#8212;&#8212;&#8212;&#8212;&#8212;&#8212;&#8212;&#8212;&#8211;<\/p>\n\n\n\n<p><em>Dana mi je sva vlast na nebu i na zemlji! Po\u0111ite dakle i u\u010dinite mojim u\u010denicima sve narode krste\u0107i ih u ime Oca i Sina i Duha Svetoga i u\u010de\u0107i ih \u010duvati sve \u0161to sam vam zapovjedio! I evo, ja sam s vama u sve dane \u2013 do svr\u0161etka svijeta.<\/em>&nbsp;(Mt 28, 18b-20)<\/p>\n\n\n\n<p><strong>\u0160to je sakrament kr\u0161tenja, \u0161to postajemo po njemu i koji je vidljivi znak?<\/strong><\/p>\n\n\n\n<p>Sakramentom kr\u0161tenja primamo novi \u017eivot milosti \u2013 postajemo djeca Bo\u017eja i \u010dlanovi zajednice vjernika \u2013 Crkve. Kr\u0161tenje je vidljivi znak na\u0161e sli\u010dnosti Isusu Kristu. Vidljivi znak kr\u0161tenja je polijevanje vodom i izgovaranje rije\u010di: \u201eI., ja te krstim u ime Oca i Sina i Duha Svetoga\u201c.<\/p>\n\n\n\n<p><strong>Koga, kada i gdje Crkva sve krsti?<\/strong><\/p>\n\n\n\n<p>Crkva krsti bilo djecu bilo odrasle i to u svako vrijeme, ali posebno na uskrsno bdijenje, kada se slavi Kristovo uskrsnu\u0107e. U pravilu se dijete krsti u prvim tjednima \u017eivota. Pravilo je da se kr\u0161tenja slave u \u017eupnim crkvama za vrijeme mise.<\/p>\n\n\n\n<p><strong>Tko valjano mo\u017ee krstiti?<\/strong><\/p>\n\n\n\n<p>Valjano u Crkvi mo\u017ee krstiti biskup, sve\u0107enik i \u0111akon, a u smrtnoj opasnosti mo\u017ee svaki \u010dovjek ako ima nakanu \u010diniti ono \u0161to \u010dini Crkva kod kr\u0161tenja: pravilno izgovori formulu kr\u0161tenja i polije novokr\u0161tenika \u010distom vodom po \u010delu (npr. medicinska sestra u bolnici ako je dijete u neposrednoj smrtnoj opasnosti).<\/p>\n\n\n\n<p><strong>Koji su plodovi kr\u0161tenja?<\/strong><\/p>\n\n\n\n<p>Najve\u0107i plod kr\u0161tenja je otpu\u0161tenje isto\u010dnoga grijeha i svih osobnih grijeha (ako je kr\u0161tenik odrasla osoba) i ro\u0111enje na novi \u017eivot, po \u010demu \u010dovjek postaje posinjenim djetetom Bo\u017ejim, hramom Duha Svetoga. Na taj na\u010din kr\u0161tenik biva pridru\u017een Crkvi, Otajstvenom Tijelu Kristovom. Kr\u0161tenje u na\u0161e du\u0161e utiskuje neizbrisiv biljeg, pa se kr\u0161tenje ne mo\u017ee ponoviti.<\/p>\n\n\n\n<p><strong>Mo\u017ee li se spasiti bez kr\u0161tenja?<\/strong><\/p>\n\n\n\n<p>Svi ljudi koji, potaknuti milo\u0161\u0107u iako nisu upoznali Crkvu iskreno tra\u017ee Boga i trude se vr\u0161iti njegovu volju po\u0161tivaju\u0107i glas svoje savjesti, mogu se spasiti iako nisu primili kr\u0161tenje. \u0160to se ti\u010de djece koja su umrla bez kr\u0161tenja, Crkva nas poziva da imamo povjerenja u Bo\u017eje milosr\u0111e i da molimo za njihovo spasenje.<\/p>\n\n\n\n<p><strong>\u0160to obe\u0107ava onaj koji se krsti ili oni koji donose dijete na kr\u0161tenje?<\/strong><\/p>\n\n\n\n<p>Kr\u0161tenik se odri\u010de Sotone i grijeha, priznaje Krista i obe\u0107ava da \u0107e \u017eivjeti kao kr\u0161\u0107anin, a za malu djecu sve to \u010dine, u ime njih, roditelji i kumovi. Roditelji tada preuzimaju obvezu da svoje dijete kr\u0161\u0107anski odgoje, a kumovi \u0107e im u tome pomo\u0107i.<\/p>\n\n\n\n<p><strong>Postoje li slu\u010dajevi kada \u0107e sve\u0107enik odbiti kr\u0161tenje djeteta?<\/strong><\/p>\n\n\n\n<p>Ovdje se ne radi o odbijanju, ve\u0107 o mogu\u0107nosti odgode kr\u0161tenja. Crkva ne mo\u017ee udovoljiti \u017eelji onih roditelja koji ne daju nikakvo jamstvo da \u0107e dijete nakon kr\u0161tenja primiti prikladan kr\u0161\u0107anski odgoj \u0161to ga ovaj sakrament zahtjeva. Ako roditelji svjesno odbijaju crkveno vjen\u010danje, a nemaju nikakve zapreke da to u\u010dine, kakvo oni jamstvo daju za kr\u0161\u0107anski odgoj svoje djece? Iz svoga \u017eivota isklju\u010dili su sve sakramente i zar se ne \u010dini da kr\u0161tenje svoga djeteta \u017eele isklju\u010divo radi reda i obi\u010daja?<\/p>\n\n\n\n<p><strong>\u0160to se doga\u0111a ako roditelji zatra\u017ee kr\u0161tenje kod drugog sve\u0107enika i u drugoj \u017eupnoj crkvi?<\/strong><\/p>\n\n\n\n<p>Ako roditelji uporno i s razlogom tra\u017ee kr\u0161tenje djeteta u drugoj \u017eupi, tada su du\u017eni taj zahtjev svome \u017eupniku podnijeti pisano, a pouku za kr\u0161tenje, po mogu\u0107nosti, neka u\u010dini njihov \u017eupnik. Onaj sve\u0107enik koji krsti to dijete du\u017ean je javiti \u017eupi u kojoj roditelji stalno borave.<\/p>\n\n\n\n<p><small>Prema: \u017darko Vladislav O\u0161ap, Rastimo u vjeri, nadi i ljubavi, Drvar, 2009.<\/small><\/p>\n","protected":false},"excerpt":{"rendered":"<p>Oni koji se krste ura\u0161taju u sli\u010dnost smrti Kristove, ukopavaju se zajedno s njime u smrt, s njime zajedno, u njemu, o\u017eivljuju i uskrsavaju. U kr\u0161tenju se polijevanjem vodom u ime Presvetoga Trojstva duhovno prepora\u0111a stvorenje i postaje \u010dlanom misti\u010dnoga Kristova Tijela osloba\u0111aju\u0107i se isto\u010dnoga grijeha, a i svih drugih grijeha. To je prvi i <a class=\"read-more\" href=\"https:\/\/www.gospa-sinjska.hr\/wp\/sakramenti\/sakrament-krstenja\/\">Read more<\/a><\/p>\n","protected":false},"author":1,"featured_media":0,"parent":1113,"menu_order":0,"comment_status":"closed","ping_status":"closed","template":"","meta":{"footnotes":""},"class_list":["post-1119","page","type-page","status-publish","hentry"],"yoast_head":"<!-- This site is optimized with the Yoast SEO plugin v23.5 - https:\/\/yoast.com\/wordpress\/plugins\/seo\/ -->\n<title>Sakrament kr\u0161tenja - Sveti&scaron;te Gospe Sinjske<\/title>\n<meta name=\"robots\" content=\"index, follow, max-snippet:-1, max-image-preview:large, max-video-preview:-1\" \/>\n<link rel=\"canonical\" href=\"https:\/\/www.gospa-sinjska.hr\/wp\/sakramenti\/sakrament-krstenja\/\" \/>\n<meta property=\"og:locale\" content=\"hr_HR\" \/>\n<meta property=\"og:type\" content=\"article\" \/>\n<meta property=\"og:title\" content=\"Sakrament kr\u0161tenja - Sveti&scaron;te Gospe Sinjske\" \/>\n<meta property=\"og:description\" content=\"Oni koji se krste ura\u0161taju u sli\u010dnost smrti Kristove, ukopavaju se zajedno s njime u smrt, s njime zajedno, u njemu, o\u017eivljuju i uskrsavaju. U kr\u0161tenju se polijevanjem vodom u ime Presvetoga Trojstva duhovno prepora\u0111a stvorenje i postaje \u010dlanom misti\u010dnoga Kristova Tijela osloba\u0111aju\u0107i se isto\u010dnoga grijeha, a i svih drugih grijeha. To je prvi i Read more\" \/>\n<meta property=\"og:url\" content=\"https:\/\/www.gospa-sinjska.hr\/wp\/sakramenti\/sakrament-krstenja\/\" \/>\n<meta property=\"og:site_name\" content=\"Sveti&scaron;te Gospe Sinjske\" \/>\n<meta property=\"article:publisher\" content=\"https:\/\/www.facebook.com\/people\/Gospa-Sinjska\/100064790045988\/\" \/>\n<meta property=\"og:image\" content=\"https:\/\/www.gospa-sinjska.hr\/wp\/wp-content\/uploads\/2022\/12\/sakrament_krstenja.jpg\" \/>\n<meta name=\"twitter:card\" content=\"summary_large_image\" \/>\n<meta name=\"twitter:label1\" content=\"Procijenjeno vrijeme \u010ditanja\" \/>\n\t<meta name=\"twitter:data1\" content=\"8 minuta\" \/>\n<script type=\"application\/ld+json\" class=\"yoast-schema-graph\">{\"@context\":\"https:\/\/schema.org\",\"@graph\":[{\"@type\":\"WebPage\",\"@id\":\"https:\/\/www.gospa-sinjska.hr\/wp\/sakramenti\/sakrament-krstenja\/\",\"url\":\"https:\/\/www.gospa-sinjska.hr\/wp\/sakramenti\/sakrament-krstenja\/\",\"name\":\"Sakrament kr\u0161tenja - Sveti&scaron;te Gospe Sinjske\",\"isPartOf\":{\"@id\":\"https:\/\/www.gospa-sinjska.hr\/wp\/#website\"},\"primaryImageOfPage\":{\"@id\":\"https:\/\/www.gospa-sinjska.hr\/wp\/sakramenti\/sakrament-krstenja\/#primaryimage\"},\"image\":{\"@id\":\"https:\/\/www.gospa-sinjska.hr\/wp\/sakramenti\/sakrament-krstenja\/#primaryimage\"},\"thumbnailUrl\":\"https:\/\/www.gospa-sinjska.hr\/wp\/wp-content\/uploads\/2022\/12\/sakrament_krstenja.jpg\",\"datePublished\":\"2022-12-31T20:07:08+00:00\",\"dateModified\":\"2022-12-31T20:07:08+00:00\",\"breadcrumb\":{\"@id\":\"https:\/\/www.gospa-sinjska.hr\/wp\/sakramenti\/sakrament-krstenja\/#breadcrumb\"},\"inLanguage\":\"hr\",\"potentialAction\":[{\"@type\":\"ReadAction\",\"target\":[\"https:\/\/www.gospa-sinjska.hr\/wp\/sakramenti\/sakrament-krstenja\/\"]}]},{\"@type\":\"ImageObject\",\"inLanguage\":\"hr\",\"@id\":\"https:\/\/www.gospa-sinjska.hr\/wp\/sakramenti\/sakrament-krstenja\/#primaryimage\",\"url\":\"https:\/\/www.gospa-sinjska.hr\/wp\/wp-content\/uploads\/2022\/12\/sakrament_krstenja.jpg\",\"contentUrl\":\"https:\/\/www.gospa-sinjska.hr\/wp\/wp-content\/uploads\/2022\/12\/sakrament_krstenja.jpg\"},{\"@type\":\"BreadcrumbList\",\"@id\":\"https:\/\/www.gospa-sinjska.hr\/wp\/sakramenti\/sakrament-krstenja\/#breadcrumb\",\"itemListElement\":[{\"@type\":\"ListItem\",\"position\":1,\"name\":\"Po\u010detna stranica\",\"item\":\"https:\/\/www.gospa-sinjska.hr\/wp\/\"},{\"@type\":\"ListItem\",\"position\":2,\"name\":\"Sakramenti\",\"item\":\"https:\/\/www.gospa-sinjska.hr\/wp\/sakramenti\/\"},{\"@type\":\"ListItem\",\"position\":3,\"name\":\"Sakrament kr\u0161tenja\"}]},{\"@type\":\"WebSite\",\"@id\":\"https:\/\/www.gospa-sinjska.hr\/wp\/#website\",\"url\":\"https:\/\/www.gospa-sinjska.hr\/wp\/\",\"name\":\"Sveti&scaron;te Gospe Sinjske\",\"description\":\"In perpetuum coronata triumphat anno MDCCXV\",\"publisher\":{\"@id\":\"https:\/\/www.gospa-sinjska.hr\/wp\/#organization\"},\"potentialAction\":[{\"@type\":\"SearchAction\",\"target\":{\"@type\":\"EntryPoint\",\"urlTemplate\":\"https:\/\/www.gospa-sinjska.hr\/wp\/?s={search_term_string}\"},\"query-input\":{\"@type\":\"PropertyValueSpecification\",\"valueRequired\":true,\"valueName\":\"search_term_string\"}}],\"inLanguage\":\"hr\"},{\"@type\":\"Organization\",\"@id\":\"https:\/\/www.gospa-sinjska.hr\/wp\/#organization\",\"name\":\"Sveti&scaron;te Gospe Sinjske\",\"url\":\"https:\/\/www.gospa-sinjska.hr\/wp\/\",\"logo\":{\"@type\":\"ImageObject\",\"inLanguage\":\"hr\",\"@id\":\"https:\/\/www.gospa-sinjska.hr\/wp\/#\/schema\/logo\/image\/\",\"url\":\"https:\/\/www.gospa-sinjska.hr\/wp\/wp-content\/uploads\/2022\/08\/gospa_sinjska_nakit.jpg\",\"contentUrl\":\"https:\/\/www.gospa-sinjska.hr\/wp\/wp-content\/uploads\/2022\/08\/gospa_sinjska_nakit.jpg\",\"width\":1558,\"height\":2048,\"caption\":\"Sveti&scaron;te Gospe Sinjske\"},\"image\":{\"@id\":\"https:\/\/www.gospa-sinjska.hr\/wp\/#\/schema\/logo\/image\/\"},\"sameAs\":[\"https:\/\/www.facebook.com\/people\/Gospa-Sinjska\/100064790045988\/\"]}]}<\/script>\n<!-- \/ Yoast SEO plugin. -->","yoast_head_json":{"title":"Sakrament kr\u0161tenja - Sveti&scaron;te Gospe Sinjske","robots":{"index":"index","follow":"follow","max-snippet":"max-snippet:-1","max-image-preview":"max-image-preview:large","max-video-preview":"max-video-preview:-1"},"canonical":"https:\/\/www.gospa-sinjska.hr\/wp\/sakramenti\/sakrament-krstenja\/","og_locale":"hr_HR","og_type":"article","og_title":"Sakrament kr\u0161tenja - Sveti&scaron;te Gospe Sinjske","og_description":"Oni koji se krste ura\u0161taju u sli\u010dnost smrti Kristove, ukopavaju se zajedno s njime u smrt, s njime zajedno, u njemu, o\u017eivljuju i uskrsavaju. U kr\u0161tenju se polijevanjem vodom u ime Presvetoga Trojstva duhovno prepora\u0111a stvorenje i postaje \u010dlanom misti\u010dnoga Kristova Tijela osloba\u0111aju\u0107i se isto\u010dnoga grijeha, a i svih drugih grijeha. To je prvi i Read more","og_url":"https:\/\/www.gospa-sinjska.hr\/wp\/sakramenti\/sakrament-krstenja\/","og_site_name":"Sveti&scaron;te Gospe Sinjske","article_publisher":"https:\/\/www.facebook.com\/people\/Gospa-Sinjska\/100064790045988\/","og_image":[{"url":"https:\/\/www.gospa-sinjska.hr\/wp\/wp-content\/uploads\/2022\/12\/sakrament_krstenja.jpg"}],"twitter_card":"summary_large_image","twitter_misc":{"Procijenjeno vrijeme \u010ditanja":"8 minuta"},"schema":{"@context":"https:\/\/schema.org","@graph":[{"@type":"WebPage","@id":"https:\/\/www.gospa-sinjska.hr\/wp\/sakramenti\/sakrament-krstenja\/","url":"https:\/\/www.gospa-sinjska.hr\/wp\/sakramenti\/sakrament-krstenja\/","name":"Sakrament kr\u0161tenja - Sveti&scaron;te Gospe Sinjske","isPartOf":{"@id":"https:\/\/www.gospa-sinjska.hr\/wp\/#website"},"primaryImageOfPage":{"@id":"https:\/\/www.gospa-sinjska.hr\/wp\/sakramenti\/sakrament-krstenja\/#primaryimage"},"image":{"@id":"https:\/\/www.gospa-sinjska.hr\/wp\/sakramenti\/sakrament-krstenja\/#primaryimage"},"thumbnailUrl":"https:\/\/www.gospa-sinjska.hr\/wp\/wp-content\/uploads\/2022\/12\/sakrament_krstenja.jpg","datePublished":"2022-12-31T20:07:08+00:00","dateModified":"2022-12-31T20:07:08+00:00","breadcrumb":{"@id":"https:\/\/www.gospa-sinjska.hr\/wp\/sakramenti\/sakrament-krstenja\/#breadcrumb"},"inLanguage":"hr","potentialAction":[{"@type":"ReadAction","target":["https:\/\/www.gospa-sinjska.hr\/wp\/sakramenti\/sakrament-krstenja\/"]}]},{"@type":"ImageObject","inLanguage":"hr","@id":"https:\/\/www.gospa-sinjska.hr\/wp\/sakramenti\/sakrament-krstenja\/#primaryimage","url":"https:\/\/www.gospa-sinjska.hr\/wp\/wp-content\/uploads\/2022\/12\/sakrament_krstenja.jpg","contentUrl":"https:\/\/www.gospa-sinjska.hr\/wp\/wp-content\/uploads\/2022\/12\/sakrament_krstenja.jpg"},{"@type":"BreadcrumbList","@id":"https:\/\/www.gospa-sinjska.hr\/wp\/sakramenti\/sakrament-krstenja\/#breadcrumb","itemListElement":[{"@type":"ListItem","position":1,"name":"Po\u010detna stranica","item":"https:\/\/www.gospa-sinjska.hr\/wp\/"},{"@type":"ListItem","position":2,"name":"Sakramenti","item":"https:\/\/www.gospa-sinjska.hr\/wp\/sakramenti\/"},{"@type":"ListItem","position":3,"name":"Sakrament kr\u0161tenja"}]},{"@type":"WebSite","@id":"https:\/\/www.gospa-sinjska.hr\/wp\/#website","url":"https:\/\/www.gospa-sinjska.hr\/wp\/","name":"Sveti&scaron;te Gospe Sinjske","description":"In perpetuum coronata triumphat anno MDCCXV","publisher":{"@id":"https:\/\/www.gospa-sinjska.hr\/wp\/#organization"},"potentialAction":[{"@type":"SearchAction","target":{"@type":"EntryPoint","urlTemplate":"https:\/\/www.gospa-sinjska.hr\/wp\/?s={search_term_string}"},"query-input":{"@type":"PropertyValueSpecification","valueRequired":true,"valueName":"search_term_string"}}],"inLanguage":"hr"},{"@type":"Organization","@id":"https:\/\/www.gospa-sinjska.hr\/wp\/#organization","name":"Sveti&scaron;te Gospe Sinjske","url":"https:\/\/www.gospa-sinjska.hr\/wp\/","logo":{"@type":"ImageObject","inLanguage":"hr","@id":"https:\/\/www.gospa-sinjska.hr\/wp\/#\/schema\/logo\/image\/","url":"https:\/\/www.gospa-sinjska.hr\/wp\/wp-content\/uploads\/2022\/08\/gospa_sinjska_nakit.jpg","contentUrl":"https:\/\/www.gospa-sinjska.hr\/wp\/wp-content\/uploads\/2022\/08\/gospa_sinjska_nakit.jpg","width":1558,"height":2048,"caption":"Sveti&scaron;te Gospe Sinjske"},"image":{"@id":"https:\/\/www.gospa-sinjska.hr\/wp\/#\/schema\/logo\/image\/"},"sameAs":["https:\/\/www.facebook.com\/people\/Gospa-Sinjska\/100064790045988\/"]}]}},"blog_post_layout_featured_media_urls":{"thumbnail":"","full":""},"categories_names":null,"comments_number":"0","wpmagazine_modules_lite_featured_media_urls":{"thumbnail":"","cvmm-medium":"","cvmm-medium-plus":"","cvmm-portrait":"","cvmm-medium-square":"","cvmm-large":"","cvmm-small":"","full":""},"_links":{"self":[{"href":"https:\/\/www.gospa-sinjska.hr\/wp\/wp-json\/wp\/v2\/pages\/1119","targetHints":{"allow":["GET"]}}],"collection":[{"href":"https:\/\/www.gospa-sinjska.hr\/wp\/wp-json\/wp\/v2\/pages"}],"about":[{"href":"https:\/\/www.gospa-sinjska.hr\/wp\/wp-json\/wp\/v2\/types\/page"}],"author":[{"embeddable":true,"href":"https:\/\/www.gospa-sinjska.hr\/wp\/wp-json\/wp\/v2\/users\/1"}],"replies":[{"embeddable":true,"href":"https:\/\/www.gospa-sinjska.hr\/wp\/wp-json\/wp\/v2\/comments?post=1119"}],"version-history":[{"count":1,"href":"https:\/\/www.gospa-sinjska.hr\/wp\/wp-json\/wp\/v2\/pages\/1119\/revisions"}],"predecessor-version":[{"id":1121,"href":"https:\/\/www.gospa-sinjska.hr\/wp\/wp-json\/wp\/v2\/pages\/1119\/revisions\/1121"}],"up":[{"embeddable":true,"href":"https:\/\/www.gospa-sinjska.hr\/wp\/wp-json\/wp\/v2\/pages\/1113"}],"wp:attachment":[{"href":"https:\/\/www.gospa-sinjska.hr\/wp\/wp-json\/wp\/v2\/media?parent=1119"}],"curies":[{"name":"wp","href":"https:\/\/api.w.org\/{rel}","templated":true}]}}